{"id":22875,"date":"2014-06-03T12:18:50","date_gmt":"2014-06-03T12:18:50","guid":{"rendered":"http:\/\/zaa.archi\/full-width-page-2\/"},"modified":"2024-02-19T20:23:55","modified_gmt":"2024-02-20T01:23:55","slug":"a-propos","status":"publish","type":"page","link":"https:\/\/zaa.archi\/fr\/a-propos\/","title":{"rendered":"\u00c0 propos"},"content":{"rendered":"<section class=\"wpb-content-wrapper\"><p>[vc_column][\/vc_column][vc_row row_type=\u00a0\u00bbrow\u00a0\u00bb use_row_as_full_screen_section=\u00a0\u00bbno\u00a0\u00bb type=\u00a0\u00bbfull_width\u00a0\u00bb text_align=\u00a0\u00bbleft\u00a0\u00bb background_animation=\u00a0\u00bbnone\u00a0\u00bb side_padding=\u00a0\u00bb20&Prime; padding_top=\u00a0\u00bb20&Prime; padding_bottom=\u00a0\u00bb40&Prime; css_animation=\u00a0\u00bb\u00a0\u00bb background_color=\u00a0\u00bb#f4f4f4&Prime;][vc_column width=\u00a0\u00bb1\/2&Prime;][vc_separator type=\u00a0\u00bbtransparent\u00a0\u00bb border_style=\u00a0\u00bb\u00a0\u00bb up=\u00a0\u00bb20&Prime; down=\u00a0\u00bb0&Prime;][vc_single_image image=\u00a0\u00bb23723&Prime; img_size=\u00a0\u00bblarge\u00a0\u00bb qode_css_animation=\u00a0\u00bb\u00a0\u00bb][\/vc_column][vc_column width=\u00a0\u00bb1\/2&Prime;][vc_separator type=\u00a0\u00bbtransparent\u00a0\u00bb border_style=\u00a0\u00bb\u00a0\u00bb up=\u00a0\u00bb20&Prime; down=\u00a0\u00bb0&Prime;][vc_column_text]<div class=\"custom_font_holder\" style=\"font-family: Oswald; font-size: 22px; line-height: 40px; font-style: regular; font-weight: 400; text-decoration: none; letter-spacing: 0px; padding: 0; margin: 0; text-align: left;\"><span><strong>\u2014<\/strong><\/p>\n<p>ZAA est une firme d\u2019architecture bas\u00e9e \u00e0 Montr\u00e9al. Notre approche repose sur deux valeurs transversales : une capacit\u00e9 d\u2019\u00e9coute et une volont\u00e9 d\u2019apporter les solutions cr\u00e9atives les plus adapt\u00e9es aux besoins de nos clients. Nous sommes fiers que ces valeurs nous aient permis de d\u00e9velopper des liens solides et privil\u00e9gi\u00e9s avec nos partenaires d\u2019affaires.<\/span><\/div>[\/vc_column_text][\/vc_column][\/vc_row][vc_row row_type=\u00a0\u00bbrow\u00a0\u00bb use_row_as_full_screen_section=\u00a0\u00bbno\u00a0\u00bb type=\u00a0\u00bbfull_width\u00a0\u00bb text_align=\u00a0\u00bbleft\u00a0\u00bb background_animation=\u00a0\u00bbnone\u00a0\u00bb side_padding=\u00a0\u00bb20&Prime; padding_top=\u00a0\u00bb50&Prime; padding_bottom=\u00a0\u00bb50&Prime; css_animation=\u00a0\u00bb\u00a0\u00bb background_color=\u00a0\u00bb#ffffff\u00a0\u00bb][vc_column width=\u00a0\u00bb1\/2&Prime;][vc_column_text]<div class=\"custom_font_holder\" style=\"font-family: Oswald; font-size: 22px; line-height: 40px; font-style: regular; font-weight: 400; text-decoration: none; letter-spacing: 0px; padding: 0; margin: 0; text-align: left;\"><span><strong>\u2014<\/strong><\/p>\n<p>Notre \u00e9quipe grandissante est inspir\u00e9e et \u00e0 la fois dot\u00e9 d\u2019un esprit d\u2019initiative ax\u00e9 sur le r\u00e9sultat. Notre activit\u00e9 couvre un large \u00e9ventail de projets r\u00e9sidentiels et \u00e0 usages mixtes, de la conception \u00e0 la construction, dont le but est celui de g\u00e9n\u00e9rer un impact positif pour nos villes.<\/span><\/div>[\/vc_column_text][\/vc_column][vc_column width=\u00a0\u00bb1\/2&Prime;][vc_single_image image=\u00a0\u00bb24670&Prime; img_size=\u00a0\u00bblarge\u00a0\u00bb qode_css_animation=\u00a0\u00bb\u00a0\u00bb][\/vc_column][\/vc_row][vc_row row_type=\u00a0\u00bbrow\u00a0\u00bb use_row_as_full_screen_section=\u00a0\u00bbno\u00a0\u00bb type=\u00a0\u00bbfull_width\u00a0\u00bb text_align=\u00a0\u00bbleft\u00a0\u00bb background_animation=\u00a0\u00bbnone\u00a0\u00bb side_padding=\u00a0\u00bb20&Prime; padding_top=\u00a0\u00bb40&Prime; padding_bottom=\u00a0\u00bb40&Prime; css_animation=\u00a0\u00bb\u00a0\u00bb background_color=\u00a0\u00bb#f4f4f4&Prime;][vc_column width=\u00a0\u00bb1\/2&Prime;][vc_single_image image=\u00a0\u00bb25127&Prime; img_size=\u00a0\u00bbfull\u00a0\u00bb qode_css_animation=\u00a0\u00bb\u00a0\u00bb][\/vc_column][vc_column width=\u00a0\u00bb1\/2&Prime;][vc_column_text]<div class=\"custom_font_holder\" style=\"font-family: Oswald; font-size: 22px; line-height: 40px; font-style: regular; font-weight: 400; text-decoration: none; letter-spacing: 0px; padding: 0; margin: 0; text-align: left;\"><span><strong>\u2014<\/strong><br \/>\nDes esprits cr\u00e9atifs dot\u00e9s d\u2019une vision unique pour votre projet. La conception d\u2019un lieu t\u00e9moigne d\u2019une sensibilit\u00e9, celle qui relie l\u2019architecture \u00e0 la nature: cr\u00e9er un lien harmonieux avec son environnement, mettre en sc\u00e8ne le paysage, susciter des \u00e9motions avec la lumi\u00e8re, anticiper des formes capables de g\u00e9n\u00e9rer un sens architectural.<\/span><\/div>[\/vc_column_text][\/vc_column][\/vc_row][vc_row row_type=\u00a0\u00bbrow\u00a0\u00bb use_row_as_full_screen_section=\u00a0\u00bbno\u00a0\u00bb type=\u00a0\u00bbfull_width\u00a0\u00bb text_align=\u00a0\u00bbleft\u00a0\u00bb background_animation=\u00a0\u00bbnone\u00a0\u00bb side_padding=\u00a0\u00bb20&Prime; padding_top=\u00a0\u00bb50&Prime; padding_bottom=\u00a0\u00bb50&Prime; css_animation=\u00a0\u00bb\u00a0\u00bb background_color=\u00a0\u00bb#ffffff\u00a0\u00bb][vc_column width=\u00a0\u00bb1\/2&Prime;][vc_column_text]<div class=\"custom_font_holder\" style=\"font-family: Oswald; font-size: 22px; line-height: 40px; font-style: regular; font-weight: 400; text-decoration: none; letter-spacing: 0px; padding: 0; margin: 0; text-align: left;\"><span><strong>\u2014<\/strong><\/p>\n<p>Nous recherchons des architectes et designers passionn\u00e9s et cr\u00e9atifs, qui comprennent la valeur d\u2019un design de qualit\u00e9. Responsabilit\u00e9s: explorer et d\u00e9velopper des concepts architecturaux. Si vous pensez que vous \u00eates un bon candidat pour ZAA, envoyez-nous votre cv et votre portfolio \u00e0: info@zoubeirazouz.com<\/span><\/div>[\/vc_column_text][\/vc_column][vc_column width=\u00a0\u00bb1\/2&Prime;][vc_single_image image=\u00a0\u00bb25126&Prime; img_size=\u00a0\u00bblarge\u00a0\u00bb qode_css_animation=\u00a0\u00bb\u00a0\u00bb][\/vc_column][\/vc_row][vc_column][\/vc_column]<\/p>\n<\/section>","protected":false},"excerpt":{"rendered":"<p>[vc_column][\/vc_column][vc_row row_type=\u00a0\u00bbrow\u00a0\u00bb use_row_as_full_screen_section=\u00a0\u00bbno\u00a0\u00bb type=\u00a0\u00bbfull_width\u00a0\u00bb text_align=\u00a0\u00bbleft\u00a0\u00bb background_animation=\u00a0\u00bbnone\u00a0\u00bb side_padding=\u00a0\u00bb20&Prime; padding_top=\u00a0\u00bb20&Prime; padding_bottom=\u00a0\u00bb40&Prime; css_animation=\u00a0\u00bb\u00a0\u00bb background_color=\u00a0\u00bb#f4f4f4&Prime;][vc_column width=\u00a0\u00bb1\/2&Prime;][vc_separator type=\u00a0\u00bbtransparent\u00a0\u00bb border_style=\u00a0\u00bb\u00a0\u00bb up=\u00a0\u00bb20&Prime; down=\u00a0\u00bb0&Prime;][vc_single_image image=\u00a0\u00bb23723&Prime; img_size=\u00a0\u00bblarge\u00a0\u00bb qode_css_animation=\u00a0\u00bb\u00a0\u00bb][\/vc_column][vc_column width=\u00a0\u00bb1\/2&Prime;][vc_separator type=\u00a0\u00bbtransparent\u00a0\u00bb border_style=\u00a0\u00bb\u00a0\u00bb up=\u00a0\u00bb20&Prime; down=\u00a0\u00bb0&Prime;][vc_column_text][\/vc_column_text][\/vc_column][\/vc_row][vc_row row_type=\u00a0\u00bbrow\u00a0\u00bb use_row_as_full_screen_section=\u00a0\u00bbno\u00a0\u00bb type=\u00a0\u00bbfull_width\u00a0\u00bb text_align=\u00a0\u00bbleft\u00a0\u00bb background_animation=\u00a0\u00bbnone\u00a0\u00bb side_padding=\u00a0\u00bb20&Prime; padding_top=\u00a0\u00bb50&Prime; padding_bottom=\u00a0\u00bb50&Prime; css_animation=\u00a0\u00bb\u00a0\u00bb background_color=\u00a0\u00bb#ffffff\u00a0\u00bb][vc_column width=\u00a0\u00bb1\/2&Prime;][vc_column_text][\/vc_column_text][\/vc_column][vc_column width=\u00a0\u00bb1\/2&Prime;][vc_single_image image=\u00a0\u00bb24670&Prime; img_size=\u00a0\u00bblarge\u00a0\u00bb qode_css_animation=\u00a0\u00bb\u00a0\u00bb][\/vc_column][\/vc_row][vc_row row_type=\u00a0\u00bbrow\u00a0\u00bb use_row_as_full_screen_section=\u00a0\u00bbno\u00a0\u00bb type=\u00a0\u00bbfull_width\u00a0\u00bb text_align=\u00a0\u00bbleft\u00a0\u00bb background_animation=\u00a0\u00bbnone\u00a0\u00bb side_padding=\u00a0\u00bb20&Prime;&#8230;<\/p>\n","protected":false},"author":1,"featured_media":0,"parent":0,"menu_order":0,"comment_status":"open","ping_status":"closed","template":"","meta":{"footnotes":""},"class_list":["post-22875","page","type-page","status-publish","hentry"],"_links":{"self":[{"href":"https:\/\/zaa.archi\/fr\/wp-json\/wp\/v2\/pages\/22875","targetHints":{"allow":["GET"]}}],"collection":[{"href":"https:\/\/zaa.archi\/fr\/wp-json\/wp\/v2\/pages"}],"about":[{"href":"https:\/\/zaa.archi\/fr\/wp-json\/wp\/v2\/types\/page"}],"author":[{"embeddable":true,"href":"https:\/\/zaa.archi\/fr\/wp-json\/wp\/v2\/users\/1"}],"replies":[{"embeddable":true,"href":"https:\/\/zaa.archi\/fr\/wp-json\/wp\/v2\/comments?post=22875"}],"version-history":[{"count":255,"href":"https:\/\/zaa.archi\/fr\/wp-json\/wp\/v2\/pages\/22875\/revisions"}],"predecessor-version":[{"id":23850,"href":"https:\/\/zaa.archi\/fr\/wp-json\/wp\/v2\/pages\/22875\/revisions\/23850"}],"wp:attachment":[{"href":"https:\/\/zaa.archi\/fr\/wp-json\/wp\/v2\/media?parent=22875"}],"curies":[{"name":"wp","href":"https:\/\/api.w.org\/{rel}","templated":true}]}}